{"id":24816,"date":"2017-08-20T15:48:11","date_gmt":"2017-08-20T14:48:11","guid":{"rendered":"http:\/\/fotohrnek.odadozet.cz\/?page_id=24816"},"modified":"2017-11-21T19:17:46","modified_gmt":"2017-11-21T18:17:46","slug":"vytvorime-navrhy-na-vizitky-a-pozvanky","status":"publish","type":"page","link":"https:\/\/foto-trinec.cz\/?page_id=24816","title":{"rendered":"Vytvo\u0159\u00edme n\u00e1vrhy na vizitky a pozv\u00e1nky"},"content":{"rendered":"<p>[et_pb_section bb_built=&#8220;1&#8243; admin_label=&#8220;section&#8220; background_image=&#8220;http:\/\/foto-trinec.cz\/wp-content\/uploads\/foto-trinec-byrtuova100007.jpg&#8220; _builder_version=&#8220;3.0.78&#8243; parallax=&#8220;on&#8220; custom_padding_tablet=&#8220;50px|0|50px|0&#8243; custom_padding_last_edited=&#8220;on|desktop&#8220;][et_pb_row][et_pb_column type=&#8220;4_4&#8243;][et_pb_cta _builder_version=&#8220;3.0.69&#8243; url_new_window=&#8220;off&#8220; use_background_color=&#8220;on&#8220; background_layout=&#8220;dark&#8220; border_style=&#8220;solid&#8220; custom_button=&#8220;off&#8220; button_letter_spacing=&#8220;0&#8243; button_icon_placement=&#8220;right&#8220; button_letter_spacing_hover=&#8220;0&#8243; title=&#8220;TVO\u0158\u00cdME VIZITKY A POZV\u00c1NKY&#8220; background_color=&#8220;rgba(196,196,196,0)&#8220; custom_margin=&#8220;500px|||&#8220; header_font_size=&#8220;38&#8243; \/][\/et_pb_column][\/et_pb_row][\/et_pb_section][et_pb_section bb_built=&#8220;1&#8243; admin_label=&#8220;Section&#8220; fullwidth=&#8220;off&#8220; specialty=&#8220;off&#8220; transparent_background=&#8220;off&#8220; background_color=&#8220;#f9f9f9&#8243; allow_player_pause=&#8220;off&#8220; inner_shadow=&#8220;off&#8220; parallax=&#8220;off&#8220; parallax_method=&#8220;off&#8220; padding_mobile=&#8220;off&#8220; make_fullwidth=&#8220;off&#8220; use_custom_width=&#8220;off&#8220; width_unit=&#8220;on&#8220; make_equal=&#8220;off&#8220; use_custom_gutter=&#8220;off&#8220; custom_padding_tablet=&#8220;50px|0|50px|0&#8243; custom_padding_last_edited=&#8220;on|desktop&#8220;][et_pb_row][et_pb_column type=&#8220;4_4&#8243;][et_pb_text _builder_version=&#8220;3.0.69&#8243; background_layout=&#8220;light&#8220; text_orientation=&#8220;center&#8220; border_style=&#8220;solid&#8220; text_font_size=&#8220;16&#8243; header_font_size=&#8220;22px&#8220; module_alignment=&#8220;center&#8220;]<\/p>\n<h2><strong>VIZITKY A POZV\u00c1NKY<br \/>\n<\/strong><\/h2>\n<p>Jsme tady pro V\u00e1s i pro Va\u0161i spole\u010dnost, a pokud si to budete p\u0159\u00e1t, r\u00e1di V\u00e1m <strong>zhotov\u00edme profesion\u00e1ln\u00ed a reprezentativn\u00ed vizitky i pozv\u00e1nky<\/strong>. Nab\u00edz\u00edme jak klasick\u00e9 form\u00e1ln\u00ed styly, tak origin\u00e1ln\u00ed a netradi\u010dn\u00ed pojet\u00ed.<\/p>\n<p>[\/et_pb_text][\/et_pb_column][\/et_pb_row][et_pb_row admin_label=&#8220;Row&#8220; make_fullwidth=&#8220;off&#8220; use_custom_width=&#8220;off&#8220; width_unit=&#8220;on&#8220; use_custom_gutter=&#8220;on&#8220; padding_mobile=&#8220;on&#8220; allow_player_pause=&#8220;off&#8220; parallax=&#8220;off&#8220; parallax_method=&#8220;off&#8220; make_equal=&#8220;on&#8220; parallax_1=&#8220;off&#8220; parallax_method_1=&#8220;off&#8220; parallax_2=&#8220;off&#8220; parallax_method_2=&#8220;off&#8220; background_color_2=&#8220;#ffffff&#8220; column_padding_mobile=&#8220;on&#8220; gutter_width=&#8220;1&#8243; custom_padding=&#8220;30px||0px|&#8220; background_position=&#8220;top_left&#8220; background_repeat=&#8220;repeat&#8220; background_size=&#8220;initial&#8220;][et_pb_column type=&#8220;1_2&#8243;][et_pb_image admin_label=&#8220;Image&#8220; src=&#8220;\/wp-content\/uploads\/foto-trinec-byrtuova100002.jpg&#8220; show_in_lightbox=&#8220;on&#8220; url_new_window=&#8220;off&#8220; use_overlay=&#8220;on&#8220; animation=&#8220;off&#8220; sticky=&#8220;off&#8220; align=&#8220;center&#8220; force_fullwidth=&#8220;on&#8220; always_center_on_mobile=&#8220;on&#8220; border_style=&#8220;solid&#8220; hover_overlay_color=&#8220;rgba(0,0,0,0.52)&#8220; overlay_icon_color=&#8220;#ffffff&#8220; _builder_version=&#8220;3.0.78&#8243; hover_icon=&#8220;%%51%%&#8220; show_bottom_space=&#8220;on&#8220; animation_direction=&#8220;off&#8220; \/][\/et_pb_column][et_pb_column type=&#8220;1_2&#8243;][et_pb_image admin_label=&#8220;Image&#8220; src=&#8220;\/wp-content\/uploads\/foto-trinec-byrtuova100001.jpg&#8220; show_in_lightbox=&#8220;on&#8220; url_new_window=&#8220;off&#8220; use_overlay=&#8220;on&#8220; animation=&#8220;off&#8220; sticky=&#8220;off&#8220; align=&#8220;center&#8220; force_fullwidth=&#8220;on&#8220; always_center_on_mobile=&#8220;on&#8220; border_style=&#8220;solid&#8220; hover_overlay_color=&#8220;rgba(0,0,0,0.52)&#8220; overlay_icon_color=&#8220;#ffffff&#8220; _builder_version=&#8220;3.0.78&#8243; hover_icon=&#8220;%%51%%&#8220; show_bottom_space=&#8220;on&#8220; animation_direction=&#8220;off&#8220; \/][\/et_pb_column][\/et_pb_row][et_pb_row admin_label=&#8220;Row&#8220; make_fullwidth=&#8220;off&#8220; use_custom_width=&#8220;off&#8220; width_unit=&#8220;on&#8220; use_custom_gutter=&#8220;on&#8220; padding_mobile=&#8220;on&#8220; allow_player_pause=&#8220;off&#8220; parallax=&#8220;off&#8220; parallax_method=&#8220;off&#8220; make_equal=&#8220;on&#8220; parallax_1=&#8220;off&#8220; parallax_method_1=&#8220;off&#8220; parallax_2=&#8220;off&#8220; parallax_method_2=&#8220;off&#8220; background_color_2=&#8220;#ffffff&#8220; column_padding_mobile=&#8220;on&#8220; gutter_width=&#8220;1&#8243; custom_padding=&#8220;0px||0px|&#8220; background_color_1=&#8220;#ffffff&#8220; background_position=&#8220;top_left&#8220; background_repeat=&#8220;repeat&#8220; background_size=&#8220;initial&#8220;][et_pb_column type=&#8220;1_2&#8243;][et_pb_image admin_label=&#8220;Image&#8220; src=&#8220;\/wp-content\/uploads\/foto-trinec-byrtuova100015.jpg&#8220; show_in_lightbox=&#8220;on&#8220; url_new_window=&#8220;off&#8220; use_overlay=&#8220;on&#8220; animation=&#8220;off&#8220; sticky=&#8220;on&#8220; align=&#8220;center&#8220; force_fullwidth=&#8220;on&#8220; always_center_on_mobile=&#8220;on&#8220; border_style=&#8220;solid&#8220; hover_overlay_color=&#8220;rgba(0,0,0,0.52)&#8220; overlay_icon_color=&#8220;#ffffff&#8220; _builder_version=&#8220;3.0.78&#8243; hover_icon=&#8220;%%51%%&#8220; show_bottom_space=&#8220;off&#8220; animation_direction=&#8220;off&#8220; \/][\/et_pb_column][et_pb_column type=&#8220;1_2&#8243;][et_pb_image admin_label=&#8220;Image&#8220; src=&#8220;\/wp-content\/uploads\/foto-trinec-byrtuova100014.jpg&#8220; show_in_lightbox=&#8220;on&#8220; url_new_window=&#8220;off&#8220; use_overlay=&#8220;on&#8220; animation=&#8220;off&#8220; sticky=&#8220;off&#8220; align=&#8220;center&#8220; force_fullwidth=&#8220;on&#8220; always_center_on_mobile=&#8220;on&#8220; border_style=&#8220;solid&#8220; hover_overlay_color=&#8220;rgba(0,0,0,0.52)&#8220; overlay_icon_color=&#8220;#ffffff&#8220; _builder_version=&#8220;3.0.78&#8243; hover_icon=&#8220;%%51%%&#8220; show_bottom_space=&#8220;on&#8220; animation_direction=&#8220;off&#8220; \/][\/et_pb_column][\/et_pb_row][et_pb_row admin_label=&#8220;Row&#8220; make_fullwidth=&#8220;off&#8220; use_custom_width=&#8220;off&#8220; width_unit=&#8220;on&#8220; use_custom_gutter=&#8220;on&#8220; padding_mobile=&#8220;on&#8220; allow_player_pause=&#8220;off&#8220; parallax=&#8220;off&#8220; parallax_method=&#8220;off&#8220; make_equal=&#8220;on&#8220; parallax_1=&#8220;off&#8220; parallax_method_1=&#8220;off&#8220; parallax_2=&#8220;off&#8220; parallax_method_2=&#8220;off&#8220; background_color_2=&#8220;#ffffff&#8220; column_padding_mobile=&#8220;on&#8220; gutter_width=&#8220;1&#8243; custom_padding=&#8220;0px||0px|&#8220; background_color_1=&#8220;#ffffff&#8220; background_position=&#8220;top_left&#8220; background_repeat=&#8220;repeat&#8220; background_size=&#8220;initial&#8220;][et_pb_column type=&#8220;1_2&#8243;][et_pb_image admin_label=&#8220;Image&#8220; src=&#8220;\/wp-content\/uploads\/foto-trinec-byrtuova100013.jpg&#8220; show_in_lightbox=&#8220;on&#8220; url_new_window=&#8220;off&#8220; use_overlay=&#8220;on&#8220; animation=&#8220;off&#8220; sticky=&#8220;off&#8220; align=&#8220;center&#8220; force_fullwidth=&#8220;on&#8220; always_center_on_mobile=&#8220;on&#8220; border_style=&#8220;solid&#8220; hover_overlay_color=&#8220;rgba(0,0,0,0.52)&#8220; overlay_icon_color=&#8220;#ffffff&#8220; _builder_version=&#8220;3.0.78&#8243; hover_icon=&#8220;%%51%%&#8220; show_bottom_space=&#8220;on&#8220; animation_direction=&#8220;off&#8220; \/][\/et_pb_column][et_pb_column type=&#8220;1_2&#8243;][et_pb_image admin_label=&#8220;Image&#8220; src=&#8220;\/wp-content\/uploads\/foto-trinec-byrtuova100017.jpg&#8220; show_in_lightbox=&#8220;on&#8220; url_new_window=&#8220;off&#8220; use_overlay=&#8220;on&#8220; animation=&#8220;off&#8220; sticky=&#8220;off&#8220; align=&#8220;center&#8220; force_fullwidth=&#8220;on&#8220; always_center_on_mobile=&#8220;on&#8220; border_style=&#8220;solid&#8220; hover_overlay_color=&#8220;rgba(0,0,0,0.52)&#8220; overlay_icon_color=&#8220;#ffffff&#8220; _builder_version=&#8220;3.0.78&#8243; hover_icon=&#8220;%%51%%&#8220; show_bottom_space=&#8220;on&#8220; animation_direction=&#8220;off&#8220; \/][\/et_pb_column][\/et_pb_row][et_pb_row admin_label=&#8220;Row&#8220; make_fullwidth=&#8220;off&#8220; use_custom_width=&#8220;off&#8220; width_unit=&#8220;on&#8220; use_custom_gutter=&#8220;on&#8220; padding_mobile=&#8220;on&#8220; allow_player_pause=&#8220;off&#8220; parallax=&#8220;off&#8220; parallax_method=&#8220;off&#8220; make_equal=&#8220;on&#8220; parallax_1=&#8220;off&#8220; parallax_method_1=&#8220;off&#8220; parallax_2=&#8220;off&#8220; parallax_method_2=&#8220;off&#8220; background_color_2=&#8220;#ffffff&#8220; column_padding_mobile=&#8220;on&#8220; gutter_width=&#8220;1&#8243; custom_padding=&#8220;0px||0px|&#8220; background_color_1=&#8220;#ffffff&#8220; background_position=&#8220;top_left&#8220; background_repeat=&#8220;repeat&#8220; background_size=&#8220;initial&#8220;][et_pb_column type=&#8220;1_2&#8243;][et_pb_image admin_label=&#8220;Image&#8220; src=&#8220;\/wp-content\/uploads\/foto-trinec-byrtuova100010.jpg&#8220; show_in_lightbox=&#8220;on&#8220; url_new_window=&#8220;off&#8220; use_overlay=&#8220;on&#8220; animation=&#8220;off&#8220; sticky=&#8220;off&#8220; align=&#8220;center&#8220; force_fullwidth=&#8220;on&#8220; always_center_on_mobile=&#8220;on&#8220; border_style=&#8220;solid&#8220; hover_overlay_color=&#8220;rgba(0,0,0,0.52)&#8220; overlay_icon_color=&#8220;#ffffff&#8220; _builder_version=&#8220;3.0.78&#8243; hover_icon=&#8220;%%51%%&#8220; show_bottom_space=&#8220;on&#8220; animation_direction=&#8220;off&#8220; \/][\/et_pb_column][et_pb_column type=&#8220;1_2&#8243;][et_pb_image admin_label=&#8220;Image&#8220; src=&#8220;\/wp-content\/uploads\/foto-trinec-byrtuova100007.jpg&#8220; show_in_lightbox=&#8220;on&#8220; url_new_window=&#8220;off&#8220; use_overlay=&#8220;on&#8220; animation=&#8220;off&#8220; sticky=&#8220;off&#8220; align=&#8220;center&#8220; force_fullwidth=&#8220;on&#8220; always_center_on_mobile=&#8220;on&#8220; border_style=&#8220;solid&#8220; hover_overlay_color=&#8220;rgba(0,0,0,0.52)&#8220; overlay_icon_color=&#8220;#ffffff&#8220; _builder_version=&#8220;3.0.78&#8243; hover_icon=&#8220;%%51%%&#8220; show_bottom_space=&#8220;on&#8220; animation_direction=&#8220;off&#8220; \/][\/et_pb_column][\/et_pb_row][et_pb_row admin_label=&#8220;Row&#8220; make_fullwidth=&#8220;off&#8220; use_custom_width=&#8220;off&#8220; width_unit=&#8220;on&#8220; use_custom_gutter=&#8220;on&#8220; padding_mobile=&#8220;on&#8220; allow_player_pause=&#8220;off&#8220; parallax=&#8220;off&#8220; parallax_method=&#8220;off&#8220; make_equal=&#8220;on&#8220; parallax_1=&#8220;off&#8220; parallax_method_1=&#8220;off&#8220; parallax_2=&#8220;off&#8220; parallax_method_2=&#8220;off&#8220; background_color_2=&#8220;#ffffff&#8220; column_padding_mobile=&#8220;on&#8220; gutter_width=&#8220;1&#8243; custom_padding=&#8220;0px||0px|&#8220; background_color_1=&#8220;#ffffff&#8220; background_position=&#8220;top_left&#8220; background_repeat=&#8220;repeat&#8220; background_size=&#8220;initial&#8220;][et_pb_column type=&#8220;1_2&#8243;][et_pb_image admin_label=&#8220;Image&#8220; src=&#8220;\/wp-content\/uploads\/foto-trinec-byrtuova100006.jpg&#8220; show_in_lightbox=&#8220;on&#8220; url_new_window=&#8220;off&#8220; use_overlay=&#8220;on&#8220; animation=&#8220;off&#8220; sticky=&#8220;off&#8220; align=&#8220;center&#8220; force_fullwidth=&#8220;on&#8220; always_center_on_mobile=&#8220;on&#8220; border_style=&#8220;solid&#8220; hover_overlay_color=&#8220;rgba(0,0,0,0.52)&#8220; overlay_icon_color=&#8220;#ffffff&#8220; _builder_version=&#8220;3.0.78&#8243; hover_icon=&#8220;%%51%%&#8220; show_bottom_space=&#8220;on&#8220; animation_direction=&#8220;off&#8220; \/][\/et_pb_column][et_pb_column type=&#8220;1_2&#8243;][et_pb_image admin_label=&#8220;Image&#8220; src=&#8220;\/wp-content\/uploads\/foto-trinec-byrtuova100003.jpg&#8220; show_in_lightbox=&#8220;on&#8220; url_new_window=&#8220;off&#8220; use_overlay=&#8220;on&#8220; animation=&#8220;off&#8220; sticky=&#8220;off&#8220; align=&#8220;center&#8220; force_fullwidth=&#8220;on&#8220; always_center_on_mobile=&#8220;on&#8220; border_style=&#8220;solid&#8220; hover_overlay_color=&#8220;rgba(0,0,0,0.52)&#8220; overlay_icon_color=&#8220;#ffffff&#8220; _builder_version=&#8220;3.0.78&#8243; hover_icon=&#8220;%%51%%&#8220; show_bottom_space=&#8220;on&#8220; animation_direction=&#8220;off&#8220; \/][\/et_pb_column][\/et_pb_row][et_pb_row admin_label=&#8220;Row&#8220; make_fullwidth=&#8220;off&#8220; use_custom_width=&#8220;off&#8220; width_unit=&#8220;on&#8220; use_custom_gutter=&#8220;on&#8220; padding_mobile=&#8220;on&#8220; allow_player_pause=&#8220;off&#8220; parallax=&#8220;off&#8220; parallax_method=&#8220;off&#8220; make_equal=&#8220;on&#8220; parallax_1=&#8220;off&#8220; parallax_method_1=&#8220;off&#8220; parallax_2=&#8220;off&#8220; parallax_method_2=&#8220;off&#8220; background_color_2=&#8220;#ffffff&#8220; column_padding_mobile=&#8220;on&#8220; gutter_width=&#8220;1&#8243; custom_padding=&#8220;0px||70px|&#8220; background_color_1=&#8220;#ffffff&#8220; background_position=&#8220;top_left&#8220; background_repeat=&#8220;repeat&#8220; background_size=&#8220;initial&#8220;][et_pb_column type=&#8220;1_2&#8243;][et_pb_image admin_label=&#8220;Image&#8220; src=&#8220;\/wp-content\/uploads\/foto-trinec-byrtuova100018.jpg&#8220; show_in_lightbox=&#8220;on&#8220; url_new_window=&#8220;off&#8220; use_overlay=&#8220;on&#8220; animation=&#8220;off&#8220; sticky=&#8220;on&#8220; align=&#8220;center&#8220; force_fullwidth=&#8220;on&#8220; always_center_on_mobile=&#8220;on&#8220; border_style=&#8220;solid&#8220; hover_overlay_color=&#8220;rgba(0,0,0,0.52)&#8220; overlay_icon_color=&#8220;#ffffff&#8220; _builder_version=&#8220;3.0.78&#8243; hover_icon=&#8220;%%51%%&#8220; show_bottom_space=&#8220;off&#8220; animation_direction=&#8220;off&#8220; \/][\/et_pb_column][et_pb_column type=&#8220;1_2&#8243;][et_pb_image admin_label=&#8220;Image&#8220; src=&#8220;\/wp-content\/uploads\/foto-trinec-byrtuova100012.jpg&#8220; show_in_lightbox=&#8220;on&#8220; url_new_window=&#8220;off&#8220; use_overlay=&#8220;on&#8220; animation=&#8220;off&#8220; sticky=&#8220;off&#8220; align=&#8220;center&#8220; force_fullwidth=&#8220;on&#8220; always_center_on_mobile=&#8220;on&#8220; border_style=&#8220;solid&#8220; hover_overlay_color=&#8220;rgba(0,0,0,0.52)&#8220; overlay_icon_color=&#8220;#ffffff&#8220; _builder_version=&#8220;3.0.78&#8243; hover_icon=&#8220;%%51%%&#8220; show_bottom_space=&#8220;on&#8220; animation_direction=&#8220;off&#8220; \/][\/et_pb_column][\/et_pb_row][\/et_pb_section]<\/p>\n","protected":false},"excerpt":{"rendered":"<p><div class=\"et_pb_row et_pb_row_0 et_pb_row_empty\">\n\t\t\t\t\n\t\t\t\t\n\t\t\t\t\n\t\t\t\t\n\t\t\t\t\n\t\t\t<\/div><div class=\"et_pb_row et_pb_row_1 et_pb_row_empty\">\n\t\t\t\t\n\t\t\t\t\n\t\t\t\t\n\t\t\t\t\n\t\t\t\t\n\t\t\t<\/div> VIZITKY A POZV\u00c1NKY Jsme tady pro V\u00e1s i pro Va\u0161i spole\u010dnost, a pokud si to budete p\u0159\u00e1t, r\u00e1di V\u00e1m zhotov\u00edme profesion\u00e1ln\u00ed a reprezentativn\u00ed vizitky i pozv\u00e1nky. Nab\u00edz\u00edme jak klasick\u00e9 form\u00e1ln\u00ed styly, tak origin\u00e1ln\u00ed a netradi\u010dn\u00ed pojet\u00ed.<\/p>\n","protected":false},"author":1,"featured_media":0,"parent":0,"menu_order":0,"comment_status":"closed","ping_status":"closed","template":"","meta":{"_et_pb_use_builder":"on","_et_pb_old_content":"","_et_gb_content_width":"","footnotes":""},"class_list":["post-24816","page","type-page","status-publish","hentry"],"_links":{"self":[{"href":"https:\/\/foto-trinec.cz\/index.php?rest_route=\/wp\/v2\/pages\/24816","targetHints":{"allow":["GET"]}}],"collection":[{"href":"https:\/\/foto-trinec.cz\/index.php?rest_route=\/wp\/v2\/pages"}],"about":[{"href":"https:\/\/foto-trinec.cz\/index.php?rest_route=\/wp\/v2\/types\/page"}],"author":[{"embeddable":true,"href":"https:\/\/foto-trinec.cz\/index.php?rest_route=\/wp\/v2\/users\/1"}],"replies":[{"embeddable":true,"href":"https:\/\/foto-trinec.cz\/index.php?rest_route=%2Fwp%2Fv2%2Fcomments&post=24816"}],"version-history":[{"count":12,"href":"https:\/\/foto-trinec.cz\/index.php?rest_route=\/wp\/v2\/pages\/24816\/revisions"}],"predecessor-version":[{"id":25038,"href":"https:\/\/foto-trinec.cz\/index.php?rest_route=\/wp\/v2\/pages\/24816\/revisions\/25038"}],"wp:attachment":[{"href":"https:\/\/foto-trinec.cz\/index.php?rest_route=%2Fwp%2Fv2%2Fmedia&parent=24816"}],"curies":[{"name":"wp","href":"https:\/\/api.w.org\/{rel}","templated":true}]}}