{"id":24812,"date":"2017-08-20T15:47:27","date_gmt":"2017-08-20T14:47:27","guid":{"rendered":"http:\/\/fotohrnek.odadozet.cz\/?page_id=24812"},"modified":"2017-11-21T19:15:15","modified_gmt":"2017-11-21T18:15:15","slug":"maturitni-fotografie","status":"publish","type":"page","link":"https:\/\/foto-trinec.cz\/?page_id=24812","title":{"rendered":"Maturitn\u00ed fotografie"},"content":{"rendered":"<p>[et_pb_section bb_built=&#8220;1&#8243; admin_label=&#8220;section&#8220; background_image=&#8220;http:\/\/foto-trinec.cz\/wp-content\/uploads\/MATURITAFOTOT1.jpg&#8220; _builder_version=&#8220;3.0.78&#8243; parallax=&#8220;on&#8220; custom_padding_tablet=&#8220;50px|0|50px|0&#8243; custom_padding_last_edited=&#8220;on|desktop&#8220;][et_pb_row][et_pb_column type=&#8220;4_4&#8243;][et_pb_cta _builder_version=&#8220;3.0.69&#8243; url_new_window=&#8220;off&#8220; use_background_color=&#8220;on&#8220; background_layout=&#8220;dark&#8220; border_style=&#8220;solid&#8220; custom_button=&#8220;off&#8220; button_letter_spacing=&#8220;0&#8243; button_icon_placement=&#8220;right&#8220; button_letter_spacing_hover=&#8220;0&#8243; title=&#8220;MATURITN\u00cd FOTOGRAFIE&#8220; background_color=&#8220;rgba(196,196,196,0)&#8220; custom_margin=&#8220;500px|||&#8220; header_font_size=&#8220;38&#8243; \/][\/et_pb_column][\/et_pb_row][\/et_pb_section][et_pb_section bb_built=&#8220;1&#8243; admin_label=&#8220;Section&#8220; fullwidth=&#8220;off&#8220; specialty=&#8220;off&#8220; transparent_background=&#8220;off&#8220; background_color=&#8220;#f9f9f9&#8243; allow_player_pause=&#8220;off&#8220; inner_shadow=&#8220;off&#8220; parallax=&#8220;off&#8220; parallax_method=&#8220;off&#8220; padding_mobile=&#8220;off&#8220; make_fullwidth=&#8220;off&#8220; use_custom_width=&#8220;off&#8220; width_unit=&#8220;on&#8220; make_equal=&#8220;off&#8220; use_custom_gutter=&#8220;off&#8220; custom_padding_tablet=&#8220;50px|0|50px|0&#8243; custom_padding_last_edited=&#8220;on|desktop&#8220;][et_pb_row][et_pb_column type=&#8220;4_4&#8243;][et_pb_text _builder_version=&#8220;3.0.69&#8243; background_layout=&#8220;light&#8220; text_orientation=&#8220;center&#8220; border_style=&#8220;solid&#8220; text_font_size=&#8220;16&#8243; header_font_size=&#8220;22px&#8220; module_alignment=&#8220;center&#8220;]<\/p>\n<h2><strong>MATURITN\u00cd FOTOGRAFIE<br \/>\n<\/strong><\/h2>\n<p>Mil\u00ed maturanti. Budeme r\u00e1di, kdy\u017e nav\u0161t\u00edv\u00edte n\u00e1\u0161 ateli\u00e9r, budete se c\u00edtit uvoln\u011bn\u011b a odch\u00e1zet budete s h\u0159ejiv\u00fdm pocitem, \u017ee dostanete kr\u00e1sn\u00e9 fotografie, ze kter\u00fdch budete m\u00edt opravdu radost. <strong>Maturitn\u00ed foto a foto na tabla<\/strong> pat\u0159\u00ed rovn\u011b\u017e do nab\u00eddky na\u0161ich slu\u017eeb a zhotovit V\u00e1m m\u016f\u017eeme jak ty<em> klasick\u00e9 fotografie<\/em>, tak tablo takov\u00e9, kter\u00e9 kolemjdouc\u00ed rozhodn\u011b nep\u0159ehl\u00e9dnou. R\u00e1di bychom V\u00e1s prost\u0159ednictv\u00edm t\u00e9to webov\u00e9 str\u00e1nky sezn\u00e1mili i s nab\u00eddkou maturitn\u00edch fotografi\u00ed, kter\u00e9 nab\u00edz\u00edme v\u0161em maturant\u016fm za velmi p\u0159\u00edjemn\u00e9 ceny. P\u0159itom chceme, abyste se u n\u00e1s c\u00edtili co nejl\u00e9pe, uvoln\u011bn\u011b a nebyli ve stresu z toho, \u017ee se t\u0159eba fotografie nevyda\u0159\u00ed. Toho se u n\u00e1s toti\u017e rozhodn\u011b b\u00e1t nemus\u00edte! A\u0165 tomu v\u011b\u0159\u00edte \u010di ne, kvalitn\u00ed ateli\u00e9rn\u00ed foto jen tak n\u011bco nenahrad\u00ed a my V\u00e1m k tomu je\u0161t\u011b m\u016f\u017eeme zaru\u010dit pozitivn\u00ed p\u0159\u00edstup i profesionalitu.<\/p>\n<p>[\/et_pb_text][\/et_pb_column][\/et_pb_row][et_pb_row admin_label=&#8220;Row&#8220; make_fullwidth=&#8220;off&#8220; use_custom_width=&#8220;off&#8220; width_unit=&#8220;on&#8220; use_custom_gutter=&#8220;on&#8220; padding_mobile=&#8220;on&#8220; allow_player_pause=&#8220;off&#8220; parallax=&#8220;off&#8220; parallax_method=&#8220;off&#8220; make_equal=&#8220;on&#8220; parallax_1=&#8220;off&#8220; parallax_method_1=&#8220;off&#8220; parallax_2=&#8220;off&#8220; parallax_method_2=&#8220;off&#8220; background_color_2=&#8220;#ffffff&#8220; column_padding_mobile=&#8220;on&#8220; gutter_width=&#8220;1&#8243; custom_padding=&#8220;30px||0px|&#8220; background_position=&#8220;top_left&#8220; background_repeat=&#8220;repeat&#8220; background_size=&#8220;initial&#8220;][et_pb_column type=&#8220;1_2&#8243;][et_pb_image admin_label=&#8220;Image&#8220; src=&#8220;\/wp-content\/uploads\/byrtusovafoto800008.jpg&#8220; show_in_lightbox=&#8220;on&#8220; url_new_window=&#8220;off&#8220; use_overlay=&#8220;on&#8220; animation=&#8220;off&#8220; sticky=&#8220;off&#8220; align=&#8220;center&#8220; force_fullwidth=&#8220;on&#8220; always_center_on_mobile=&#8220;on&#8220; border_style=&#8220;solid&#8220; hover_overlay_color=&#8220;rgba(0,0,0,0.52)&#8220; overlay_icon_color=&#8220;#ffffff&#8220; _builder_version=&#8220;3.0.78&#8243; hover_icon=&#8220;%%51%%&#8220; show_bottom_space=&#8220;on&#8220; animation_direction=&#8220;off&#8220; \/][\/et_pb_column][et_pb_column type=&#8220;1_2&#8243;][et_pb_image admin_label=&#8220;Image&#8220; src=&#8220;\/wp-content\/uploads\/byrtusovafoto800007.jpg&#8220; show_in_lightbox=&#8220;on&#8220; url_new_window=&#8220;off&#8220; use_overlay=&#8220;on&#8220; animation=&#8220;off&#8220; sticky=&#8220;off&#8220; align=&#8220;center&#8220; force_fullwidth=&#8220;on&#8220; always_center_on_mobile=&#8220;on&#8220; border_style=&#8220;solid&#8220; hover_overlay_color=&#8220;rgba(0,0,0,0.52)&#8220; overlay_icon_color=&#8220;#ffffff&#8220; _builder_version=&#8220;3.0.78&#8243; hover_icon=&#8220;%%51%%&#8220; show_bottom_space=&#8220;on&#8220; animation_direction=&#8220;off&#8220; \/][\/et_pb_column][\/et_pb_row][et_pb_row admin_label=&#8220;Row&#8220; make_fullwidth=&#8220;off&#8220; use_custom_width=&#8220;off&#8220; width_unit=&#8220;on&#8220; use_custom_gutter=&#8220;on&#8220; padding_mobile=&#8220;on&#8220; allow_player_pause=&#8220;off&#8220; parallax=&#8220;off&#8220; parallax_method=&#8220;off&#8220; make_equal=&#8220;on&#8220; parallax_1=&#8220;off&#8220; parallax_method_1=&#8220;off&#8220; parallax_2=&#8220;off&#8220; parallax_method_2=&#8220;off&#8220; background_color_2=&#8220;#ffffff&#8220; column_padding_mobile=&#8220;on&#8220; gutter_width=&#8220;1&#8243; custom_padding=&#8220;0px||0px|&#8220; background_color_1=&#8220;#ffffff&#8220; background_position=&#8220;top_left&#8220; background_repeat=&#8220;repeat&#8220; background_size=&#8220;initial&#8220;][et_pb_column type=&#8220;1_2&#8243;][et_pb_image admin_label=&#8220;Image&#8220; src=&#8220;\/wp-content\/uploads\/byrtusovafoto800006.jpg&#8220; show_in_lightbox=&#8220;on&#8220; url_new_window=&#8220;off&#8220; use_overlay=&#8220;on&#8220; animation=&#8220;off&#8220; sticky=&#8220;on&#8220; align=&#8220;center&#8220; force_fullwidth=&#8220;on&#8220; always_center_on_mobile=&#8220;on&#8220; border_style=&#8220;solid&#8220; hover_overlay_color=&#8220;rgba(0,0,0,0.52)&#8220; overlay_icon_color=&#8220;#ffffff&#8220; _builder_version=&#8220;3.0.78&#8243; hover_icon=&#8220;%%51%%&#8220; show_bottom_space=&#8220;off&#8220; animation_direction=&#8220;off&#8220; \/][\/et_pb_column][et_pb_column type=&#8220;1_2&#8243;][et_pb_image admin_label=&#8220;Image&#8220; src=&#8220;\/wp-content\/uploads\/byrtusovafoto800002.jpg&#8220; show_in_lightbox=&#8220;on&#8220; url_new_window=&#8220;off&#8220; use_overlay=&#8220;on&#8220; animation=&#8220;off&#8220; sticky=&#8220;off&#8220; align=&#8220;center&#8220; force_fullwidth=&#8220;on&#8220; always_center_on_mobile=&#8220;on&#8220; border_style=&#8220;solid&#8220; hover_overlay_color=&#8220;rgba(0,0,0,0.52)&#8220; overlay_icon_color=&#8220;#ffffff&#8220; _builder_version=&#8220;3.0.78&#8243; hover_icon=&#8220;%%51%%&#8220; show_bottom_space=&#8220;on&#8220; animation_direction=&#8220;off&#8220; \/][\/et_pb_column][\/et_pb_row][et_pb_row admin_label=&#8220;Row&#8220; make_fullwidth=&#8220;off&#8220; use_custom_width=&#8220;off&#8220; width_unit=&#8220;on&#8220; use_custom_gutter=&#8220;on&#8220; padding_mobile=&#8220;on&#8220; allow_player_pause=&#8220;off&#8220; parallax=&#8220;off&#8220; parallax_method=&#8220;off&#8220; make_equal=&#8220;on&#8220; parallax_1=&#8220;off&#8220; parallax_method_1=&#8220;off&#8220; parallax_2=&#8220;off&#8220; parallax_method_2=&#8220;off&#8220; background_color_2=&#8220;#ffffff&#8220; column_padding_mobile=&#8220;on&#8220; gutter_width=&#8220;1&#8243; custom_padding=&#8220;0px||0px|&#8220; background_color_1=&#8220;#ffffff&#8220; background_position=&#8220;top_left&#8220; background_repeat=&#8220;repeat&#8220; background_size=&#8220;initial&#8220;][et_pb_column type=&#8220;1_2&#8243;][et_pb_image admin_label=&#8220;Image&#8220; src=&#8220;\/wp-content\/uploads\/byrtusovafoto800009.jpg&#8220; show_in_lightbox=&#8220;on&#8220; url_new_window=&#8220;off&#8220; use_overlay=&#8220;on&#8220; animation=&#8220;off&#8220; sticky=&#8220;on&#8220; align=&#8220;center&#8220; force_fullwidth=&#8220;on&#8220; always_center_on_mobile=&#8220;on&#8220; border_style=&#8220;solid&#8220; hover_overlay_color=&#8220;rgba(0,0,0,0.52)&#8220; overlay_icon_color=&#8220;#ffffff&#8220; _builder_version=&#8220;3.0.78&#8243; hover_icon=&#8220;%%51%%&#8220; show_bottom_space=&#8220;off&#8220; animation_direction=&#8220;off&#8220; \/][\/et_pb_column][et_pb_column type=&#8220;1_2&#8243;][et_pb_image admin_label=&#8220;Image&#8220; src=&#8220;\/wp-content\/uploads\/byrtusova111.jpg&#8220; show_in_lightbox=&#8220;on&#8220; url_new_window=&#8220;off&#8220; use_overlay=&#8220;on&#8220; animation=&#8220;off&#8220; sticky=&#8220;off&#8220; align=&#8220;center&#8220; force_fullwidth=&#8220;on&#8220; always_center_on_mobile=&#8220;on&#8220; border_style=&#8220;solid&#8220; hover_overlay_color=&#8220;rgba(0,0,0,0.52)&#8220; overlay_icon_color=&#8220;#ffffff&#8220; _builder_version=&#8220;3.0.78&#8243; hover_icon=&#8220;%%51%%&#8220; show_bottom_space=&#8220;on&#8220; animation_direction=&#8220;off&#8220; \/][\/et_pb_column][\/et_pb_row][et_pb_row admin_label=&#8220;Row&#8220; make_fullwidth=&#8220;off&#8220; use_custom_width=&#8220;off&#8220; width_unit=&#8220;on&#8220; use_custom_gutter=&#8220;on&#8220; padding_mobile=&#8220;on&#8220; allow_player_pause=&#8220;off&#8220; parallax=&#8220;off&#8220; parallax_method=&#8220;off&#8220; make_equal=&#8220;on&#8220; parallax_1=&#8220;off&#8220; parallax_method_1=&#8220;off&#8220; parallax_2=&#8220;off&#8220; parallax_method_2=&#8220;off&#8220; background_color_2=&#8220;#ffffff&#8220; column_padding_mobile=&#8220;on&#8220; gutter_width=&#8220;1&#8243; custom_padding=&#8220;0px||0px|&#8220; background_color_1=&#8220;#ffffff&#8220; background_position=&#8220;top_left&#8220; background_repeat=&#8220;repeat&#8220; background_size=&#8220;initial&#8220;][et_pb_column type=&#8220;1_2&#8243;][et_pb_image admin_label=&#8220;Image&#8220; src=&#8220;\/wp-content\/uploads\/byrtusovafoto800001.jpg&#8220; show_in_lightbox=&#8220;on&#8220; url_new_window=&#8220;off&#8220; use_overlay=&#8220;on&#8220; animation=&#8220;off&#8220; sticky=&#8220;off&#8220; align=&#8220;center&#8220; force_fullwidth=&#8220;on&#8220; always_center_on_mobile=&#8220;on&#8220; border_style=&#8220;solid&#8220; hover_overlay_color=&#8220;rgba(0,0,0,0.52)&#8220; overlay_icon_color=&#8220;#ffffff&#8220; _builder_version=&#8220;3.0.78&#8243; hover_icon=&#8220;%%51%%&#8220; show_bottom_space=&#8220;on&#8220; animation_direction=&#8220;off&#8220; \/][\/et_pb_column][et_pb_column type=&#8220;1_2&#8243;][et_pb_image admin_label=&#8220;Image&#8220; src=&#8220;\/wp-content\/uploads\/byrtusovafoto800003.jpg&#8220; show_in_lightbox=&#8220;on&#8220; url_new_window=&#8220;off&#8220; use_overlay=&#8220;on&#8220; animation=&#8220;off&#8220; sticky=&#8220;off&#8220; align=&#8220;center&#8220; force_fullwidth=&#8220;on&#8220; always_center_on_mobile=&#8220;on&#8220; border_style=&#8220;solid&#8220; hover_overlay_color=&#8220;rgba(0,0,0,0.52)&#8220; overlay_icon_color=&#8220;#ffffff&#8220; _builder_version=&#8220;3.0.78&#8243; hover_icon=&#8220;%%51%%&#8220; show_bottom_space=&#8220;on&#8220; animation_direction=&#8220;off&#8220; \/][\/et_pb_column][\/et_pb_row][et_pb_row admin_label=&#8220;Row&#8220; make_fullwidth=&#8220;off&#8220; use_custom_width=&#8220;off&#8220; width_unit=&#8220;on&#8220; use_custom_gutter=&#8220;on&#8220; padding_mobile=&#8220;on&#8220; allow_player_pause=&#8220;off&#8220; parallax=&#8220;off&#8220; parallax_method=&#8220;off&#8220; make_equal=&#8220;on&#8220; parallax_1=&#8220;off&#8220; parallax_method_1=&#8220;off&#8220; parallax_2=&#8220;off&#8220; parallax_method_2=&#8220;off&#8220; background_color_2=&#8220;#ffffff&#8220; column_padding_mobile=&#8220;on&#8220; gutter_width=&#8220;1&#8243; custom_padding=&#8220;0px||0px|&#8220; background_color_1=&#8220;#ffffff&#8220; background_position=&#8220;top_left&#8220; background_repeat=&#8220;repeat&#8220; background_size=&#8220;initial&#8220;][et_pb_column type=&#8220;1_2&#8243;][et_pb_image admin_label=&#8220;Image&#8220; src=&#8220;\/wp-content\/uploads\/byrtusovafoto800004.jpg&#8220; show_in_lightbox=&#8220;on&#8220; url_new_window=&#8220;off&#8220; use_overlay=&#8220;on&#8220; animation=&#8220;off&#8220; sticky=&#8220;off&#8220; align=&#8220;center&#8220; force_fullwidth=&#8220;on&#8220; always_center_on_mobile=&#8220;on&#8220; border_style=&#8220;solid&#8220; hover_overlay_color=&#8220;rgba(0,0,0,0.52)&#8220; overlay_icon_color=&#8220;#ffffff&#8220; _builder_version=&#8220;3.0.78&#8243; hover_icon=&#8220;%%51%%&#8220; show_bottom_space=&#8220;on&#8220; animation_direction=&#8220;off&#8220; \/][\/et_pb_column][et_pb_column type=&#8220;1_2&#8243;][et_pb_image admin_label=&#8220;Image&#8220; src=&#8220;\/wp-content\/uploads\/byrtusovafoto800005.jpg&#8220; show_in_lightbox=&#8220;on&#8220; url_new_window=&#8220;off&#8220; use_overlay=&#8220;on&#8220; animation=&#8220;off&#8220; sticky=&#8220;off&#8220; align=&#8220;center&#8220; force_fullwidth=&#8220;on&#8220; always_center_on_mobile=&#8220;on&#8220; border_style=&#8220;solid&#8220; hover_overlay_color=&#8220;rgba(0,0,0,0.52)&#8220; overlay_icon_color=&#8220;#ffffff&#8220; _builder_version=&#8220;3.0.78&#8243; hover_icon=&#8220;%%51%%&#8220; show_bottom_space=&#8220;on&#8220; animation_direction=&#8220;off&#8220; \/][\/et_pb_column][\/et_pb_row][\/et_pb_section]<\/p>\n","protected":false},"excerpt":{"rendered":"<p><div class=\"et_pb_row et_pb_row_0 et_pb_row_empty\">\n\t\t\t\t\n\t\t\t\t\n\t\t\t\t\n\t\t\t\t\n\t\t\t\t\n\t\t\t<\/div><div class=\"et_pb_row et_pb_row_1 et_pb_row_empty\">\n\t\t\t\t\n\t\t\t\t\n\t\t\t\t\n\t\t\t\t\n\t\t\t\t\n\t\t\t<\/div> MATURITN\u00cd FOTOGRAFIE Mil\u00ed maturanti. Budeme r\u00e1di, kdy\u017e nav\u0161t\u00edv\u00edte n\u00e1\u0161 ateli\u00e9r, budete se c\u00edtit uvoln\u011bn\u011b a odch\u00e1zet budete s h\u0159ejiv\u00fdm pocitem, \u017ee dostanete kr\u00e1sn\u00e9 fotografie, ze kter\u00fdch budete m\u00edt opravdu radost. Maturitn\u00ed foto a foto na tabla pat\u0159\u00ed rovn\u011b\u017e do nab\u00eddky na\u0161ich slu\u017eeb a zhotovit V\u00e1m m\u016f\u017eeme jak ty klasick\u00e9 fotografie, tak tablo takov\u00e9, kter\u00e9 [&hellip;]<\/p>\n","protected":false},"author":1,"featured_media":0,"parent":0,"menu_order":0,"comment_status":"closed","ping_status":"closed","template":"","meta":{"_et_pb_use_builder":"on","_et_pb_old_content":"","_et_gb_content_width":""},"_links":{"self":[{"href":"https:\/\/foto-trinec.cz\/index.php?rest_route=\/wp\/v2\/pages\/24812"}],"collection":[{"href":"https:\/\/foto-trinec.cz\/index.php?rest_route=\/wp\/v2\/pages"}],"about":[{"href":"https:\/\/foto-trinec.cz\/index.php?rest_route=\/wp\/v2\/types\/page"}],"author":[{"embeddable":true,"href":"https:\/\/foto-trinec.cz\/index.php?rest_route=\/wp\/v2\/users\/1"}],"replies":[{"embeddable":true,"href":"https:\/\/foto-trinec.cz\/index.php?rest_route=%2Fwp%2Fv2%2Fcomments&post=24812"}],"version-history":[{"count":13,"href":"https:\/\/foto-trinec.cz\/index.php?rest_route=\/wp\/v2\/pages\/24812\/revisions"}],"predecessor-version":[{"id":25035,"href":"https:\/\/foto-trinec.cz\/index.php?rest_route=\/wp\/v2\/pages\/24812\/revisions\/25035"}],"wp:attachment":[{"href":"https:\/\/foto-trinec.cz\/index.php?rest_route=%2Fwp%2Fv2%2Fmedia&parent=24812"}],"curies":[{"name":"wp","href":"https:\/\/api.w.org\/{rel}","templated":true}]}}