{"id":24749,"date":"2017-08-15T17:23:30","date_gmt":"2017-08-15T16:23:30","guid":{"rendered":"http:\/\/fotohrnek.odadozet.cz\/?page_id=24749"},"modified":"2022-11-07T09:42:54","modified_gmt":"2022-11-07T08:42:54","slug":"foto-online","status":"publish","type":"page","link":"https:\/\/foto-trinec.cz\/?page_id=24749","title":{"rendered":"Foto online"},"content":{"rendered":"<p>[et_pb_section fb_built=&#8220;1&#8243; _builder_version=&#8220;4.16&#8243; global_colors_info=&#8220;{}&#8220;][et_pb_row _builder_version=&#8220;4.16&#8243; background_color=&#8220;rgba(0,0,0,0)&#8220; background_size=&#8220;initial&#8220; background_position=&#8220;top_left&#8220; background_repeat=&#8220;repeat&#8220; global_colors_info=&#8220;{}&#8220;][et_pb_column type=&#8220;4_4&#8243; _builder_version=&#8220;4.16&#8243; custom_padding=&#8220;|||&#8220; global_colors_info=&#8220;{}&#8220; custom_padding__hover=&#8220;|||&#8220;][et_pb_cta title=&#8220;Objednejte si fotografie online&#8220; _builder_version=&#8220;4.18.0&#8243; header_font=&#8220;|||on|&#8220; header_text_color=&#8220;#686868&#8243; header_font_size=&#8220;40px&#8220; header_line_height=&#8220;1px&#8220; background_color=&#8220;rgba(196,196,196,0)&#8220; background_layout=&#8220;light&#8220; hover_enabled=&#8220;0&#8243; global_colors_info=&#8220;{}&#8220; button_text_size__hover_enabled=&#8220;off&#8220; button_one_text_size__hover_enabled=&#8220;off&#8220; button_two_text_size__hover_enabled=&#8220;off&#8220; button_text_color__hover_enabled=&#8220;off&#8220; button_one_text_color__hover_enabled=&#8220;off&#8220; button_two_text_color__hover_enabled=&#8220;off&#8220; button_border_width__hover_enabled=&#8220;off&#8220; button_one_border_width__hover_enabled=&#8220;off&#8220; button_two_border_width__hover_enabled=&#8220;off&#8220; button_border_color__hover_enabled=&#8220;off&#8220; button_one_border_color__hover_enabled=&#8220;off&#8220; button_two_border_color__hover_enabled=&#8220;off&#8220; button_border_radius__hover_enabled=&#8220;off&#8220; button_one_border_radius__hover_enabled=&#8220;off&#8220; button_two_border_radius__hover_enabled=&#8220;off&#8220; button_letter_spacing__hover_enabled=&#8220;off&#8220; button_one_letter_spacing__hover_enabled=&#8220;off&#8220; button_two_letter_spacing__hover_enabled=&#8220;off&#8220; button_bg_color__hover_enabled=&#8220;off&#8220; button_one_bg_color__hover_enabled=&#8220;off&#8220; button_two_bg_color__hover_enabled=&#8220;off&#8220; sticky_enabled=&#8220;0&#8243; header_font_size_last_edited=&#8220;on|phone&#8220; header_font_size_tablet=&#8220;22px&#8220; header_font_size_phone=&#8220;11px&#8220;][\/et_pb_cta][et_pb_image src=&#8220;http:\/\/foto-trinec.cz\/wp-content\/uploads\/sliderimage.png&#8220; show_bottom_space=&#8220;off&#8220; align=&#8220;center&#8220; force_fullwidth=&#8220;on&#8220; align_tablet=&#8220;center&#8220; align_phone=&#8220;center&#8220; align_last_edited=&#8220;on|desktop&#8220; _builder_version=&#8220;4.16&#8243; animation_style=&#8220;slide&#8220; animation_direction=&#8220;left&#8220; animation_duration=&#8220;500ms&#8220; animation_intensity_slide=&#8220;10%&#8220; border_style=&#8220;solid&#8220; sticky=&#8220;on&#8220; always_center_on_mobile=&#8220;on&#8220; global_colors_info=&#8220;{}&#8220;][\/et_pb_image][\/et_pb_column][\/et_pb_row][\/et_pb_section][et_pb_section fb_built=&#8220;1&#8243; _builder_version=&#8220;4.16&#8243; global_colors_info=&#8220;{}&#8220; custom_padding=&#8220;18px|||||&#8220;][et_pb_row _builder_version=&#8220;4.16&#8243; global_colors_info=&#8220;{}&#8220;][et_pb_column type=&#8220;4_4&#8243; _builder_version=&#8220;4.16&#8243; background_position=&#8220;top_left&#8220; custom_padding=&#8220;|||&#8220; global_colors_info=&#8220;{}&#8220; custom_padding__hover=&#8220;|||&#8220;][et_pb_text _builder_version=&#8220;4.16&#8243; global_colors_info=&#8220;{}&#8220;]<\/p>\n<h3 style=\"text-align: center;\">Objednejte si fotografie u n\u00e1s online<\/h3>\n<p style=\"text-align: center;\">SUPER NAB\u00cdDKA PRO T\u0158INE\u010c\u00c1KY.<br \/>\nMo\u017enost zhotoven\u00ed Va\u0161ich fotografi\u00ed do jedn\u00e9 hodiny !<br \/>\nOd objedn\u00e1n\u00ed v pracovn\u00ed dob\u011b si m\u016f\u017eete vyzvednout sv\u00e9 fotografie v jedn\u00e9 z na\u0161ich provozoven v T\u0159inci ji\u017e za 1 hodinu !<\/p>\n<p>[\/et_pb_text][\/et_pb_column][\/et_pb_row][et_pb_row _builder_version=&#8220;4.16&#8243; background_size=&#8220;initial&#8220; background_position=&#8220;top_left&#8220; background_repeat=&#8220;repeat&#8220; global_colors_info=&#8220;{}&#8220;][et_pb_column type=&#8220;4_4&#8243; _builder_version=&#8220;4.16&#8243; custom_padding=&#8220;|||&#8220; global_colors_info=&#8220;{}&#8220; custom_padding__hover=&#8220;|||&#8220;][et_pb_image src=&#8220;http:\/\/foto-trinec.cz\/\/wp-content\/uploads\/ByrtusBanner12.gif&#8220; align=&#8220;center&#8220; align_tablet=&#8220;center&#8220; align_phone=&#8220;center&#8220; align_last_edited=&#8220;on|desktop&#8220; _builder_version=&#8220;4.16&#8243; animation_style=&#8220;slide&#8220; animation_direction=&#8220;left&#8220; animation_duration=&#8220;500ms&#8220; animation_intensity_slide=&#8220;10%&#8220; border_style=&#8220;solid&#8220; always_center_on_mobile=&#8220;on&#8220; global_colors_info=&#8220;{}&#8220;][\/et_pb_image][et_pb_text _builder_version=&#8220;4.18.0&#8243; background_color=&#8220;rgba(12,113,195,0.09)&#8220; custom_padding=&#8220;|50px||50px&#8220; global_colors_info=&#8220;{}&#8220;]<\/p>\n<p style=\"text-align: center;\"><strong>Jak objednat fotky?<\/strong><strong><\/strong><\/p>\n<p style=\"text-align: center;\">Vstupte do sekce fotoonline, zaregistrujte se, kde si pot\u00e9 m\u016f\u017eete tak\u00e9 st\u00e1hnout cen\u00edk fotoonline.<\/p>\n<h1 style=\"text-align: center;\"><a href=\"https:\/\/snaplab.com\/lab\/fototrinec\/orders\/new-order\/prints\"><span style=\"color: #ff0000;\">Vstupte do FOTOONLINE T\u0158INEC<\/span><\/a><\/h1>\n<p style=\"text-align: center;\"><a href=\"https:\/\/snaplab.com\/lab\/fototrinec\/orders\/new-order\/prints\"><img decoding=\"async\" loading=\"lazy\" src=\"https:\/\/foto-trinec.cz\/wp-content\/uploads\/fototrineconline.png\" alt=\"\" class=\"wp-image-25253 alignnone size-full\" width=\"1186\" height=\"663\" srcset=\"https:\/\/foto-trinec.cz\/wp-content\/uploads\/fototrineconline.png 1186w, https:\/\/foto-trinec.cz\/wp-content\/uploads\/fototrineconline-980x548.png 980w, https:\/\/foto-trinec.cz\/wp-content\/uploads\/fototrineconline-480x268.png 480w\" sizes=\"(min-width: 0px) and (max-width: 480px) 480px, (min-width: 481px) and (max-width: 980px) 980px, (min-width: 981px) 1186px, 100vw\" \/><\/a><\/p>\n<p style=\"text-align: center;\">Sn\u00edmky zhotov\u00edme dle Va\u0161ich po\u017eadavk\u016f a ode\u0161leme V\u00e1m je. M\u00e1te mo\u017enost na v\u00fdb\u011br : Platba p\u0159edem na n\u00e1 \u00fa\u010det, dob\u00edrkou, osobn\u011b p\u0159evz\u00edt v<a href=\"http:\/\/www.foto-trinec.cz\/index.php\/kontakt\"> na\u0161ich prodejn\u00e1ch v T\u0159inci.<\/a><\/p>\n<p>[\/et_pb_text][\/et_pb_column][\/et_pb_row][\/et_pb_section]<\/p>\n","protected":false},"excerpt":{"rendered":"<p>Objednejte si fotografie u n\u00e1s online SUPER NAB\u00cdDKA PRO T\u0158INE\u010c\u00c1KY. Mo\u017enost zhotoven\u00ed Va\u0161ich fotografi\u00ed do jedn\u00e9 hodiny ! Od objedn\u00e1n\u00ed v pracovn\u00ed dob\u011b si m\u016f\u017eete vyzvednout sv\u00e9 fotografie v jedn\u00e9 z na\u0161ich provozoven v T\u0159inci ji\u017e za 1 hodinu ! Jak objednat fotky? Vstupte do sekce fotoonline, zaregistrujte se, kde si pot\u00e9 m\u016f\u017eete tak\u00e9 st\u00e1hnout [&hellip;]<\/p>\n","protected":false},"author":1,"featured_media":0,"parent":0,"menu_order":0,"comment_status":"closed","ping_status":"closed","template":"","meta":{"_et_pb_use_builder":"on","_et_pb_old_content":"","_et_gb_content_width":""},"_links":{"self":[{"href":"https:\/\/foto-trinec.cz\/index.php?rest_route=\/wp\/v2\/pages\/24749"}],"collection":[{"href":"https:\/\/foto-trinec.cz\/index.php?rest_route=\/wp\/v2\/pages"}],"about":[{"href":"https:\/\/foto-trinec.cz\/index.php?rest_route=\/wp\/v2\/types\/page"}],"author":[{"embeddable":true,"href":"https:\/\/foto-trinec.cz\/index.php?rest_route=\/wp\/v2\/users\/1"}],"replies":[{"embeddable":true,"href":"https:\/\/foto-trinec.cz\/index.php?rest_route=%2Fwp%2Fv2%2Fcomments&post=24749"}],"version-history":[{"count":28,"href":"https:\/\/foto-trinec.cz\/index.php?rest_route=\/wp\/v2\/pages\/24749\/revisions"}],"predecessor-version":[{"id":25265,"href":"https:\/\/foto-trinec.cz\/index.php?rest_route=\/wp\/v2\/pages\/24749\/revisions\/25265"}],"wp:attachment":[{"href":"https:\/\/foto-trinec.cz\/index.php?rest_route=%2Fwp%2Fv2%2Fmedia&parent=24749"}],"curies":[{"name":"wp","href":"https:\/\/api.w.org\/{rel}","templated":true}]}}